{"id":34,"date":"2018-07-04T21:56:55","date_gmt":"2018-07-05T00:56:55","guid":{"rendered":"http:\/\/renatoluisbandeira.com.br\/site\/?page_id=34"},"modified":"2019-06-30T18:49:32","modified_gmt":"2019-06-30T21:49:32","slug":"agenda-de-eventos","status":"publish","type":"page","link":"https:\/\/renatoluisbandeira.com.br\/site\/agenda-de-eventos\/","title":{"rendered":"AGENDA DE EVENTOS"},"content":{"rendered":"<h1>2019<\/h1>\n<h1><img loading=\"lazy\" decoding=\"async\" class=\"alignnone size-full wp-image-203\" src=\"http:\/\/renatoluisbandeira.com.br\/site\/wp-content\/uploads\/2018\/07\/LAN\u00c7AMENTO-LIVRO-18.07.2019-SSA.jpeg\" alt=\"\" width=\"914\" height=\"1280\" \/><\/h1>\n<p>&nbsp;<\/p>\n<h1>26 JULHO 2018<\/h1>\n<h3>PALESTRA &#8211; Retrospectiva do Canga\u00e7o no Nordeste Brasileiro<\/h3>\n<p>Evento: Semana do Canga\u00e7o<\/p>\n<p>Local: Instituto Geogr\u00e1fico e Hist\u00f3rico da Bahia<\/p>\n<p>Cidade: Salvador\u00a0 Estado: Bahia<\/p>\n<p>&nbsp;<\/p>\n<h1>28 JULHO 2018<\/h1>\n<h3>PARTICIPA\u00c7\u00c3O NA MISSA DE 80 ANOS DE MORTE DE LAMPI\u00c3O E MARIA BONITA<\/h3>\n<p>Grota de Angico<\/p>\n<p>Munic\u00edpio: Po\u00e7o Redondo\u00a0 \u00a0 Estado: Sergipe<\/p>\n<h1>30 AGOSTO 2018<\/h1>\n<h3>Evento: Palestra sobre o Canga\u00e7o<\/h3>\n<p>Local: Universidade Tiradentes &#8211; UNIT (Campus Centro)<\/p>\n<p>Cidade: Aracaju\u00a0 Estado: Sergipe<\/p>\n<p>&nbsp;<\/p>\n<h1>31 AGOSTO 2018<\/h1>\n<h3><strong>BATE PAPO COM AUTOR E LAN\u00c7AMENTO &#8211; DICION\u00c1RIO BIOGR\u00c1FICO CANGACEIROS E JAGUN\u00c7OS &#8211; 4\u00aa ed. ARACAJU &#8211; SERGIPE<\/strong><\/h3>\n<p>Evento: Bate papo com o autor, lan\u00e7amento e noite de aut\u00f3grafos<\/p>\n<p>Local: Livraria Escariz<\/p>\n<p>Cidade: Aracaju\u00a0 Estado: Sergipe<\/p>\n<p>&nbsp;<\/p>\n<h1>01 SETEMBRO 2018<\/h1>\n<h3>Evento: Palestra sobre o Canga\u00e7o<\/h3>\n<p>Local: C\u00e2mara Municipal de Vereadores de Est\u00e2ncia<\/p>\n<p>Cidade: Est\u00e2ncia\u00a0 Estado: Sergipe<\/p>\n<p>&nbsp;<\/p>\n<h1>11 a 14 outubro 2018<\/h1>\n<h3>Evento: Cariri Canga\u00e7o<\/h3>\n<p>Cidade: S\u00e3o Jos\u00e9 do Belmonte\u00a0 Estado Pernambuco<\/p>\n<p>&nbsp;<\/p>\n<p>&nbsp;<\/p>\n","protected":false},"excerpt":{"rendered":"<p>2019 &nbsp; 26 JULHO 2018 PALESTRA &#8211; Retrospectiva do Canga\u00e7o no Nordeste Brasileiro Evento: Semana do Canga\u00e7o Local: Instituto Geogr\u00e1fico e Hist\u00f3rico da Bahia Cidade: Salvador\u00a0 Estado: Bahia &nbsp; 28 JULHO 2018 PARTICIPA\u00c7\u00c3O NA MISSA DE 80 ANOS DE MORTE DE LAMPI\u00c3O E MARIA BONITA Grota de Angico Munic\u00edpio: Po\u00e7o Redondo\u00a0 \u00a0 Estado: Sergipe 30 [&hellip;]<\/p>\n","protected":false},"author":1,"featured_media":74,"parent":0,"menu_order":3,"comment_status":"closed","ping_status":"closed","template":"","meta":{"footnotes":""},"class_list":["post-34","page","type-page","status-publish","has-post-thumbnail","hentry"],"_links":{"self":[{"href":"https:\/\/renatoluisbandeira.com.br\/site\/wp-json\/wp\/v2\/pages\/34","targetHints":{"allow":["GET"]}}],"collection":[{"href":"https:\/\/renatoluisbandeira.com.br\/site\/wp-json\/wp\/v2\/pages"}],"about":[{"href":"https:\/\/renatoluisbandeira.com.br\/site\/wp-json\/wp\/v2\/types\/page"}],"author":[{"embeddable":true,"href":"https:\/\/renatoluisbandeira.com.br\/site\/wp-json\/wp\/v2\/users\/1"}],"replies":[{"embeddable":true,"href":"https:\/\/renatoluisbandeira.com.br\/site\/wp-json\/wp\/v2\/comments?post=34"}],"version-history":[{"count":17,"href":"https:\/\/renatoluisbandeira.com.br\/site\/wp-json\/wp\/v2\/pages\/34\/revisions"}],"predecessor-version":[{"id":204,"href":"https:\/\/renatoluisbandeira.com.br\/site\/wp-json\/wp\/v2\/pages\/34\/revisions\/204"}],"wp:featuredmedia":[{"embeddable":true,"href":"https:\/\/renatoluisbandeira.com.br\/site\/wp-json\/wp\/v2\/media\/74"}],"wp:attachment":[{"href":"https:\/\/renatoluisbandeira.com.br\/site\/wp-json\/wp\/v2\/media?parent=34"}],"curies":[{"name":"wp","href":"https:\/\/api.w.org\/{rel}","templated":true}]}}