{"id":42,"date":"2018-07-16T18:24:52","date_gmt":"2018-07-16T21:24:52","guid":{"rendered":"http:\/\/renatoluisbandeira.com.br\/site\/?page_id=42"},"modified":"2021-11-03T14:24:52","modified_gmt":"2021-11-03T17:24:52","slug":"livros","status":"publish","type":"page","link":"https:\/\/renatoluisbandeira.com.br\/site\/livros\/","title":{"rendered":"LIVROS"},"content":{"rendered":"<h1><strong>LIVRO HIST\u00d3RICO<\/strong><\/h1>\n<p><a href=\"http:\/\/sollarcomunica.com.br\/site\/wp-content\/uploads\/2018\/06\/capa-cangaceiros-site.jpg\"><img loading=\"lazy\" decoding=\"async\" class=\"size-full wp-image-3894 alignleft\" src=\"http:\/\/sollarcomunica.com.br\/site\/wp-content\/uploads\/2018\/06\/capa-cangaceiros-site.jpg\" alt=\"\" width=\"210\" height=\"300\" \/><\/a><\/p>\n<p><strong>T\u00edtulo<\/strong>: Dicion\u00e1rio Biogr\u00e1fico Cangaceiros e Jagun\u00e7os<\/p>\n<p><strong>Autor:<\/strong> Renato Lu\u00eds Bandeira<\/p>\n<p><strong>Editora: <\/strong>Edi\u00e7\u00e3o do Autor<\/p>\n<p><strong>Formato:<\/strong> 16,5 x 23,5 cm<\/p>\n<p><strong>N\u00famero de p\u00e1ginas:<\/strong>\u00a0476 p\u00e1ginas com 150 fotografias coloridas<\/p>\n<p><b>Pedidos: <\/b>Envie mensagem para o WhatsApp de Renato\u00a0clicando\u00a0<strong><a href=\"https:\/\/api.whatsapp.com\/send?phone=55 71 9162-0304\" target=\"_blank\" rel=\"noopener\">AQUI.<\/a><\/strong><\/p>\n<p>&nbsp;<\/p>\n<p><!-- FINAL FORMULARIO BOTAO PAGSEGURO --><\/p>\n<p>&nbsp;<\/p>\n<p>&nbsp;<\/p>\n<p>&nbsp;<\/p>\n<p>&nbsp;<\/p>\n<hr \/>\n<h1><strong>LIVRO HIST\u00d3RICO<\/strong><\/h1>\n<p><a href=\"http:\/\/sollarcomunica.com.br\/site\/wp-content\/uploads\/2018\/02\/Capa-e-contracapa-chapada-6\u00aa-edi\u00e7\u00e3o-210x300px-pronta.jpg\"><img loading=\"lazy\" decoding=\"async\" class=\" wp-image-3726 alignleft\" src=\"http:\/\/sollarcomunica.com.br\/site\/wp-content\/uploads\/2018\/02\/Capa-e-contracapa-chapada-6\u00aa-edi\u00e7\u00e3o-210x300px-pronta.jpg\" alt=\"\" width=\"210\" height=\"300\" \/><\/a><\/p>\n<p><strong>T\u00edtulo<\/strong>: Chapada Diamantina: Hist\u00f3ria, Riquezas e Encantos<\/p>\n<p><strong>Autor:<\/strong> Renato Luis Bandeira<\/p>\n<p><strong>Editora:<\/strong> Edi\u00e7\u00e3o do Autor<\/p>\n<p><strong>Formato:<\/strong> 16,5 x 22,0 cm<\/p>\n<p><strong>N\u00famero de p\u00e1ginas:<\/strong>\u00a0272 p\u00e1ginas com fotos preto e branca e colorida<\/p>\n<p><b>Pedidos: <\/b>Envie mensagem para o WhatsApp de Renato\u00a0clicando\u00a0<strong><a href=\"https:\/\/api.whatsapp.com\/send?phone=55 71 9162-0304\" target=\"_blank\" rel=\"noopener\">AQUI.<\/a><\/strong><\/p>\n<p><!-- FINAL FORMULARIO BOTAO PAGSEGURO --><\/p>\n<p>&nbsp;<\/p>\n<p>&nbsp;<\/p>\n<p>&nbsp;<\/p>\n<p>&nbsp;<\/p>\n<p>&nbsp;<\/p>\n<p>&nbsp;<\/p>\n<p><!-- FINAL FORMULARIO BOTAO PAGSEGURO --><\/p>\n<hr \/>\n<h1><strong>LIVRO HIST\u00d3RICO<\/strong><\/h1>\n<p><a href=\"http:\/\/sollarcomunica.com.br\/site\/wp-content\/uploads\/2018\/02\/Capa-Bandeirantes-FRENTE-210x300px.png\"><img loading=\"lazy\" decoding=\"async\" class=\"size-full wp-image-3722 alignleft\" src=\"http:\/\/sollarcomunica.com.br\/site\/wp-content\/uploads\/2018\/02\/Capa-Bandeirantes-FRENTE-210x300px.png\" alt=\"\" width=\"210\" height=\"300\" \/><\/a><\/p>\n<p><strong>T\u00edtulo<\/strong>: Bandeirantes, Sertanistas e Aventureiros &#8211; Sert\u00e3o da Bahia: S\u00e9culos XVI &#8211; XII &#8211; XVIII<\/p>\n<p><strong>Autor:<\/strong> Renato Luis Bandeira<\/p>\n<p><strong>Editora:<\/strong> Edi\u00e7\u00e3o do Autor<\/p>\n<p><strong>Formato:<\/strong> 16,5 x 23,5 cm<\/p>\n<p><strong>N\u00famero de p\u00e1ginas:<\/strong>\u00a0296 p\u00e1ginas com fotos coloridas + 2 mapas coloridos de 70 cm x 0,90 cm cada das tribos ind\u00edgenas e dos bandeirantes no sert\u00e3o baiano.<\/p>\n<p><b>Pedidos: <\/b>Envie mensagem para o WhatsApp de Renato\u00a0clicando<b>\u00a0<strong><a href=\"https:\/\/api.whatsapp.com\/send?phone=55 71 9162-0304\" target=\"_blank\" rel=\"noopener\">AQUI.<\/a><\/strong><\/b><\/p>\n<p><!-- FINAL FORMULARIO BOTAO PAGSEGURO --><\/p>\n<p>&nbsp;<\/p>\n<p><!-- FINAL FORMULARIO BOTAO PAGSEGURO --><\/p>\n<p>&nbsp;<\/p>\n<p>&nbsp;<\/p>\n<p>&nbsp;<\/p>\n<p>&nbsp;<\/p>\n<p>&nbsp;<\/p>\n<hr \/>\n<h1>ROMANCE HIST\u00d3RICO<\/h1>\n<p><a href=\"http:\/\/sollarcomunica.com.br\/site\/wp-content\/uploads\/2018\/02\/Capa-Guerra-dos-Coron\u00e9is-3\u00aaed-Santa-Marta2-210x300-px.jpg\"><img loading=\"lazy\" decoding=\"async\" class=\"size-full wp-image-3727 alignleft\" src=\"http:\/\/sollarcomunica.com.br\/site\/wp-content\/uploads\/2018\/02\/Capa-Guerra-dos-Coron\u00e9is-3\u00aaed-Santa-Marta2-210x300-px.jpg\" alt=\"\" width=\"210\" height=\"300\" \/><\/a><\/p>\n<p><strong>T\u00edtulo<\/strong>: A Guerra dos Coron\u00e9is e os Garimpos na Chapada Diamantina<\/p>\n<p><strong>Autor:<\/strong> Renato Luis Bandeira<\/p>\n<p><strong>Editora:<\/strong> Edi\u00e7\u00e3o do Autor<\/p>\n<p><strong>Formato: <\/strong>16,5 x 22 cm<\/p>\n<p><strong>N\u00famero de p\u00e1ginas:<\/strong>\u00a0196 p\u00e1ginas com fotografias preto e branco<\/p>\n<p><b>Pedidos: <\/b>Envie mensagem para o WhatsApp de Renato\u00a0clicando<b>\u00a0<strong><a href=\"https:\/\/api.whatsapp.com\/send?phone=55 71 9162-0304\" target=\"_blank\" rel=\"noopener\">AQUI.<\/a><\/strong><\/b><\/p>\n<p><!-- FINAL FORMULARIO BOTAO PAGSEGURO --><\/p>\n<p>&nbsp;<\/p>\n<p>&nbsp;<\/p>\n<p>&nbsp;<\/p>\n<p>&nbsp;<\/p>\n<p>&nbsp;<\/p>\n<hr \/>\n<p>&nbsp;<\/p>\n<h1><strong>LIVRO HIST\u00d3RICO<\/strong><\/h1>\n<p><a href=\"http:\/\/sollarcomunica.com.br\/site\/wp-content\/uploads\/2018\/02\/capa-Coluna-Pretes-3ed.210x300px.png\"><img loading=\"lazy\" decoding=\"async\" class=\"size-full wp-image-3725 alignleft\" src=\"http:\/\/sollarcomunica.com.br\/site\/wp-content\/uploads\/2018\/02\/capa-Coluna-Pretes-3ed.210x300px.png\" alt=\"\" width=\"210\" height=\"300\" \/><\/a><\/p>\n<p><strong>T\u00edtulo<\/strong>: A Coluna Prestes na Bahia &#8211; 90 anos<\/p>\n<p><strong>Autor:<\/strong> Renato Luis Bandeira<\/p>\n<p><strong>Editora:<\/strong> Edi\u00e7\u00e3o do Autor<\/p>\n<p><strong>Formato:<\/strong> 16,5 X 23,5 cm<\/p>\n<p><strong>N\u00famero de p\u00e1ginas:<\/strong>\u00a0252 p\u00e1ginas com fotos<\/p>\n<p><b>Pedidos: <\/b>Envie mensagem para o WhatsApp de Renato\u00a0clicando<b>\u00a0<strong><a href=\"https:\/\/api.whatsapp.com\/send?phone=55 71 9162-0304\" target=\"_blank\" rel=\"noopener\">AQUI.<\/a><\/strong><\/b><\/p>\n<p>&nbsp;<\/p>\n<p><!-- FINAL FORMULARIO BOTAO PAGSEGURO --><\/p>\n<p>&nbsp;<\/p>\n<p>&nbsp;<\/p>\n<p>&nbsp;<\/p>\n<p>&nbsp;<\/p>\n<p>&nbsp;<\/p>\n<p>&nbsp;<\/p>\n<hr \/>\n<h1><strong>LIVRO HIST\u00d3RICO<\/strong><\/h1>\n<p><a href=\"http:\/\/sollarcomunica.com.br\/site\/wp-content\/uploads\/2018\/02\/Capa_FamiliasIlustresPROVA-210x300px.jpg\"><img loading=\"lazy\" decoding=\"async\" class=\"size-full wp-image-3746 alignleft\" src=\"http:\/\/sollarcomunica.com.br\/site\/wp-content\/uploads\/2018\/02\/Capa_FamiliasIlustresPROVA-210x300px.jpg\" alt=\"\" width=\"210\" height=\"300\" \/><\/a><\/p>\n<p><strong>T\u00edtulo<\/strong>: Fam\u00edlias Ilustres &#8211; Paulistana &#8211; Piau\u00ed: Nascidos 1889 &#8211; 1932<\/p>\n<p><strong>Autor:<\/strong> Renato Luis Bandeira<\/p>\n<p><strong>Editora:<\/strong> Edi\u00e7\u00e3o do Autor<\/p>\n<p><strong>Formato:<\/strong> 16,5 x 22 cm<\/p>\n<p><strong>N\u00famero de p\u00e1ginas:<\/strong>\u00a0208 p\u00e1ginas<\/p>\n<p><b>Pedidos: <\/b>Envie mensagem para o WhatsApp de Renato\u00a0clicando<b>\u00a0<strong><a href=\"https:\/\/api.whatsapp.com\/send?phone=55 71 9162-0304\" target=\"_blank\" rel=\"noopener\">AQUI.<\/a><\/strong><\/b><\/p>\n<p><!-- FINAL FORMULARIO BOTAO PAGSEGURO --><\/p>\n<p>&nbsp;<\/p>\n<p>&nbsp;<\/p>\n<p>&nbsp;<\/p>\n<p>&nbsp;<\/p>\n<p>&nbsp;<\/p>\n<p>&nbsp;<\/p>\n<hr \/>\n<h1><strong>LIVRO HIST\u00d3RICO<\/strong><\/h1>\n<p><a href=\"http:\/\/sollarcomunica.com.br\/site\/wp-content\/uploads\/2018\/02\/Capa-livro-nova-reden\u00e7\u00e3o-210x300px-junior.jpg\"><img loading=\"lazy\" decoding=\"async\" class=\"size-full wp-image-3728 alignleft\" src=\"http:\/\/sollarcomunica.com.br\/site\/wp-content\/uploads\/2018\/02\/Capa-livro-nova-reden\u00e7\u00e3o-210x300px-junior.jpg\" alt=\"\" width=\"210\" height=\"300\" \/><\/a><\/p>\n<p><strong>T\u00edtulo<\/strong>: Nova Reden\u00e7\u00e3o: Sua hist\u00f3ria, seus encantos<\/p>\n<p><strong>Autor:<\/strong> Renato Luis Bandeira<\/p>\n<p><strong>Editora:<\/strong> Edi\u00e7\u00e3o do Autor<\/p>\n<p><strong>Formato:<\/strong> 16,5 x 22,0 cm<\/p>\n<p><strong>N\u00famero de p\u00e1ginas:<\/strong>\u00a0144 p\u00e1ginas com fotos preto e branco<\/p>\n<p><b>Pedidos: <\/b>Envie mensagem para o WhatsApp de Renato\u00a0clicando<b>\u00a0<strong><a href=\"https:\/\/api.whatsapp.com\/send?phone=55 71 9162-0304\" target=\"_blank\" rel=\"noopener\">AQUI.<\/a><\/strong><\/b><\/p>\n<p><!-- FINAL FORMULARIO BOTAO PAGSEGURO --><\/p>\n<p>&nbsp;<\/p>\n<p>&nbsp;<\/p>\n<p>&nbsp;<\/p>\n<p>&nbsp;<\/p>\n<p>&nbsp;<\/p>\n<p>&nbsp;<\/p>\n<hr \/>\n<h1><strong>LIVRO HIST\u00d3RICO<\/strong><\/h1>\n<p><a href=\"http:\/\/sollarcomunica.com.br\/site\/wp-content\/uploads\/2018\/02\/O-Enigma-de-uma-civiliza\u00e7\u00e3o-perdida-no-sert\u00e3o-da-Bahia-210x300px.jpg\"><img loading=\"lazy\" decoding=\"async\" class=\"size-full wp-image-3745 alignleft\" src=\"http:\/\/sollarcomunica.com.br\/site\/wp-content\/uploads\/2018\/02\/O-Enigma-de-uma-civiliza\u00e7\u00e3o-perdida-no-sert\u00e3o-da-Bahia-210x300px.jpg\" alt=\"\" width=\"210\" height=\"300\" \/><\/a><strong>T\u00edtulo<\/strong>: O enigma de uma civiliza\u00e7\u00e3o perdida no sert\u00e3o da Bahia<\/p>\n<p><strong>Autor:<\/strong> Renato Luis Bandeira<\/p>\n<p><strong>Editora: <\/strong>Angel Editora<\/p>\n<p><strong>Formato:<\/strong> 15 x 21 cm<\/p>\n<p><strong>N\u00famero de p\u00e1ginas:<\/strong>\u00a0168 p\u00e1ginas com fotos preto e branca e colorida<\/p>\n<p><strong>Pedidos:<\/strong>\u00a0ESGOTADO.<\/p>\n<p>&nbsp;<\/p>\n<p>&nbsp;<\/p>\n<p>&nbsp;<\/p>\n<p>&nbsp;<\/p>\n<p>&nbsp;<\/p>\n<hr \/>\n<h1><strong>LIVRO HIST\u00d3RICO<\/strong><\/h1>\n<p><a href=\"http:\/\/sollarcomunica.com.br\/site\/wp-content\/uploads\/2018\/02\/Fragmentos-hist\u00f3ricos-de-Paulistana-Piau\u00ed-201x300px-1.jpg\"><img loading=\"lazy\" decoding=\"async\" class=\"size-full wp-image-3747 alignleft\" src=\"http:\/\/sollarcomunica.com.br\/site\/wp-content\/uploads\/2018\/02\/Fragmentos-hist\u00f3ricos-de-Paulistana-Piau\u00ed-201x300px-1.jpg\" alt=\"\" width=\"210\" height=\"300\" \/><\/a><\/p>\n<p><strong>T\u00edtulo<\/strong>: Fragmentos Hist\u00f3ricos de Paulistana &#8211; Piau\u00ed<\/p>\n<p><strong>Autor:<\/strong> Renato Luis Bandeira<\/p>\n<p><strong>Editora:<\/strong> Edi\u00e7\u00e3o do Autor<\/p>\n<p><strong>Formato:<\/strong>\u00a014,0 x 21,0 cm<\/p>\n<p><strong>N\u00famero de p\u00e1ginas:<\/strong>\u00a0130 p\u00e1ginas<\/p>\n<p><strong>Pedidos:<\/strong>\u00a0ESGOTADO.<\/p>\n<p>&nbsp;<\/p>\n<p>&nbsp;<\/p>\n<p>&nbsp;<\/p>\n<p>&nbsp;<\/p>\n<p>&nbsp;<\/p>\n<hr \/>\n<h1><strong>LIVROS INFANTIS &#8211; COLE\u00c7\u00c3O ONAVLIS<\/strong><\/h1>\n<p><a href=\"http:\/\/sollarcomunica.com.br\/site\/wp-content\/uploads\/2018\/02\/capa-junior-frente-210x300-px.png\"><img loading=\"lazy\" decoding=\"async\" class=\"size-full wp-image-3748 alignleft\" src=\"http:\/\/sollarcomunica.com.br\/site\/wp-content\/uploads\/2018\/02\/capa-junior-frente-210x300-px.png\" alt=\"\" width=\"210\" height=\"300\" \/><\/a><\/p>\n<p><strong>T\u00edtulo<\/strong>: O menino que comia a letra H<\/p>\n<p><strong>Autor:<\/strong> Renato Luis Bandeira<\/p>\n<p><strong>Editora:<\/strong> Edi\u00e7\u00e3o do Autor<\/p>\n<p><strong>Formato:<\/strong> 17,0 x 24,0 cm<\/p>\n<p><strong>N\u00famero de p\u00e1ginas:<\/strong>\u00a040 p\u00e1ginas\u00a0coloridas<\/p>\n<p><strong>Pedidos:<\/strong> ESGOTADO.<\/p>\n<p><!-- FINAL FORMULARIO BOTAO PAGSEGURO --><\/p>\n<p>&nbsp;<\/p>\n<p>&nbsp;<\/p>\n<p>&nbsp;<\/p>\n<p>&nbsp;<\/p>\n<p>&nbsp;<\/p>\n<p>&nbsp;<\/p>\n<hr \/>\n<p><a href=\"http:\/\/sollarcomunica.com.br\/site\/wp-content\/uploads\/2018\/02\/capa-onavlis-e-o-macaco-fuj\u00e3o-210x300px.png\"><img loading=\"lazy\" decoding=\"async\" class=\"size-full wp-image-3731 alignleft\" src=\"http:\/\/sollarcomunica.com.br\/site\/wp-content\/uploads\/2018\/02\/capa-onavlis-e-o-macaco-fuj\u00e3o-210x300px.png\" alt=\"\" width=\"210\" height=\"300\" \/><\/a><\/p>\n<p><strong>T\u00edtulo<\/strong>: Onavlis e o macaco fuj\u00e3o<\/p>\n<p><strong>Autor:<\/strong> Renato Luis Bandeira<\/p>\n<p><strong>Editora:<\/strong> Edi\u00e7\u00e3o do Autor<\/p>\n<p><strong>Formato: <\/strong>17,0 x 24,0 cm<\/p>\n<p><strong>N\u00famero de p\u00e1ginas:<\/strong> 20 p\u00e1ginas coloridas<\/p>\n<p><strong>Pedidos:<\/strong> ESGOTADO.<\/p>\n<p><!-- FINAL FORMULARIO BOTAO PAGSEGURO --><\/p>\n<p>&nbsp;<\/p>\n<p>&nbsp;<\/p>\n<p>&nbsp;<\/p>\n<p>&nbsp;<\/p>\n<p>&nbsp;<\/p>\n<p>&nbsp;<\/p>\n<hr \/>\n<p><a href=\"http:\/\/sollarcomunica.com.br\/site\/wp-content\/uploads\/2018\/02\/capa-onavlis-e-o-amiguinho-extraterrestre-210x300px.png\"><img loading=\"lazy\" decoding=\"async\" class=\"size-full wp-image-3730 alignleft\" src=\"http:\/\/sollarcomunica.com.br\/site\/wp-content\/uploads\/2018\/02\/capa-onavlis-e-o-amiguinho-extraterrestre-210x300px.png\" alt=\"\" width=\"210\" height=\"300\" \/><\/a><\/p>\n<p><strong>T\u00edtulo<\/strong>: Onavlis e o amiguinho extraterrestre<\/p>\n<p><strong>Autor:<\/strong> Renato Luis Bandeira<\/p>\n<p><strong>Editora:<\/strong> Edi\u00e7\u00e3o do Autor<\/p>\n<p><strong>Formato: <\/strong>17,0 x 24,0 cm<\/p>\n<p><strong>N\u00famero de p\u00e1ginas:<\/strong> 20 p\u00e1ginas\u00a0coloridas<\/p>\n<p><strong>Pedidos:<\/strong> ESGOTADO.<\/p>\n<p><!-- FINAL FORMULARIO BOTAO PAGSEGURO --><\/p>\n<p>&nbsp;<\/p>\n<p>&nbsp;<\/p>\n<p>&nbsp;<\/p>\n<p>&nbsp;<\/p>\n<p>&nbsp;<\/p>\n<p>&nbsp;<\/p>\n<hr \/>\n<p><a href=\"http:\/\/sollarcomunica.com.br\/site\/wp-content\/uploads\/2018\/02\/CAPA-oNAVILIS-210x300px.png\"><img loading=\"lazy\" decoding=\"async\" class=\"size-full wp-image-3729 alignleft\" src=\"http:\/\/sollarcomunica.com.br\/site\/wp-content\/uploads\/2018\/02\/CAPA-oNAVILIS-210x300px.png\" alt=\"\" width=\"210\" height=\"300\" \/><\/a><strong>T\u00edtulo<\/strong>: Onavlis em busca da cidade perdida<\/p>\n<p><strong>Autor:<\/strong> Renato Luis Bandeira<\/p>\n<p><strong>Editora:<\/strong> Edi\u00e7\u00e3o do Autor<\/p>\n<p><strong>Formato: <\/strong>17,0 x 24,0 cm<\/p>\n<p><strong>N\u00famero de p\u00e1ginas:<\/strong> 20 p\u00e1ginas\u00a0coloridas<\/p>\n<p><strong>Pedidos:<\/strong> ESGOTADO.<\/p>\n<p><!-- FINAL FORMULARIO BOTAO PAGSEGURO --><\/p>\n<p>&nbsp;<\/p>\n<p>&nbsp;<\/p>\n<p>&nbsp;<\/p>\n<p>&nbsp;<\/p>\n<p>&nbsp;<\/p>\n","protected":false},"excerpt":{"rendered":"<p>LIVRO HIST\u00d3RICO T\u00edtulo: Dicion\u00e1rio Biogr\u00e1fico Cangaceiros e Jagun\u00e7os Autor: Renato Lu\u00eds Bandeira Editora: Edi\u00e7\u00e3o do Autor Formato: 16,5 x 23,5 cm N\u00famero de p\u00e1ginas:\u00a0476 p\u00e1ginas com 150 fotografias coloridas Pedidos: Envie mensagem para o WhatsApp de Renato\u00a0clicando\u00a0AQUI. &nbsp; &nbsp; &nbsp; &nbsp; &nbsp; LIVRO HIST\u00d3RICO T\u00edtulo: Chapada Diamantina: Hist\u00f3ria, Riquezas e Encantos Autor: Renato Luis Bandeira [&hellip;]<\/p>\n","protected":false},"author":1,"featured_media":0,"parent":0,"menu_order":2,"comment_status":"closed","ping_status":"closed","template":"","meta":{"footnotes":""},"class_list":["post-42","page","type-page","status-publish","hentry"],"_links":{"self":[{"href":"https:\/\/renatoluisbandeira.com.br\/site\/wp-json\/wp\/v2\/pages\/42","targetHints":{"allow":["GET"]}}],"collection":[{"href":"https:\/\/renatoluisbandeira.com.br\/site\/wp-json\/wp\/v2\/pages"}],"about":[{"href":"https:\/\/renatoluisbandeira.com.br\/site\/wp-json\/wp\/v2\/types\/page"}],"author":[{"embeddable":true,"href":"https:\/\/renatoluisbandeira.com.br\/site\/wp-json\/wp\/v2\/users\/1"}],"replies":[{"embeddable":true,"href":"https:\/\/renatoluisbandeira.com.br\/site\/wp-json\/wp\/v2\/comments?post=42"}],"version-history":[{"count":13,"href":"https:\/\/renatoluisbandeira.com.br\/site\/wp-json\/wp\/v2\/pages\/42\/revisions"}],"predecessor-version":[{"id":282,"href":"https:\/\/renatoluisbandeira.com.br\/site\/wp-json\/wp\/v2\/pages\/42\/revisions\/282"}],"wp:attachment":[{"href":"https:\/\/renatoluisbandeira.com.br\/site\/wp-json\/wp\/v2\/media?parent=42"}],"curies":[{"name":"wp","href":"https:\/\/api.w.org\/{rel}","templated":true}]}}