{"id":95,"date":"2018-07-20T10:58:18","date_gmt":"2018-07-20T13:58:18","guid":{"rendered":"http:\/\/renatoluisbandeira.com.br\/site\/?page_id=95"},"modified":"2021-10-29T00:39:20","modified_gmt":"2021-10-29T03:39:20","slug":"videos","status":"publish","type":"page","link":"https:\/\/renatoluisbandeira.com.br\/site\/videos\/","title":{"rendered":"V\u00cdDEOS"},"content":{"rendered":"<h1 class=\"title style-scope ytd-video-primary-info-renderer\">80 anos da morte de Corisco: o \u00faltimo cangaceiro<\/h1>\n<p><iframe loading=\"lazy\" title=\"80 anos da morte de Corisco: o \u00faltimo cangaceiro\" width=\"500\" height=\"281\" src=\"https:\/\/www.youtube.com\/embed\/qzDPE8eRwo8?feature=oembed\" frameborder=\"0\" allow=\"accelerometer; autoplay; clipboard-write; encrypted-media; gyroscope; picture-in-picture; web-share\" referrerpolicy=\"strict-origin-when-cross-origin\" allowfullscreen><\/iframe><\/p>\n<p>Redescoberta a sepultura das cangaceiras L\u00eddia e Rosinha por Renato Bandeira em Po\u00e7o Redondo &#8211; SE<\/p>\n<p><iframe loading=\"lazy\" title=\"Redescoberta a sepultura das cangaceiras L\u00eddia e Rosinha por Renato Bandeira em Po\u00e7o Redondo - SE\" width=\"500\" height=\"281\" src=\"https:\/\/www.youtube.com\/embed\/AUK5pJgXgsY?feature=oembed\" frameborder=\"0\" allow=\"accelerometer; autoplay; clipboard-write; encrypted-media; gyroscope; picture-in-picture; web-share\" referrerpolicy=\"strict-origin-when-cross-origin\" allowfullscreen><\/iframe><\/p>\n<p class=\"title style-scope ytd-video-primary-info-renderer\">1549 Cidade do Salvador &#8211; A pol\u00eamica data de sua funda\u00e7\u00e3o<\/p>\n<p><iframe loading=\"lazy\" title=\"1549 Cidade do Salvador - A pol\u00eamica data de sua funda\u00e7\u00e3o\" width=\"500\" height=\"281\" src=\"https:\/\/www.youtube.com\/embed\/UQdGncemggE?feature=oembed\" frameborder=\"0\" allow=\"accelerometer; autoplay; clipboard-write; encrypted-media; gyroscope; picture-in-picture; web-share\" referrerpolicy=\"strict-origin-when-cross-origin\" allowfullscreen><\/iframe><\/p>\n<p>Palestra sobre o canga\u00e7o na UNIT &#8211; SE<\/p>\n<p><iframe loading=\"lazy\" title=\"Palestra de Renato Bandeira sobre o canga\u00e7o UNIT - SE\" width=\"500\" height=\"281\" src=\"https:\/\/www.youtube.com\/embed\/kci94r_43oQ?feature=oembed\" frameborder=\"0\" allow=\"accelerometer; autoplay; clipboard-write; encrypted-media; gyroscope; picture-in-picture; web-share\" referrerpolicy=\"strict-origin-when-cross-origin\" allowfullscreen><\/iframe><\/p>\n<p>&nbsp;<\/p>\n<p>Estamos catalogando os diversos v\u00eddeos com Renato Bandeira. Acesse periodicamente esta p\u00e1gina e saiba das novidades!<\/p>\n<p><strong>Veja a entrevista de Renato Bandeira na antiga Vila de Campestre &#8211; Seabra &#8211; Bahia<\/strong><\/p>\n<p><iframe loading=\"lazy\" title=\"Assista a hist\u00f3ria do Campestre,  Chapada Diamantina\" width=\"500\" height=\"281\" src=\"https:\/\/www.youtube.com\/embed\/PIeCY5DTFfg?feature=oembed\" frameborder=\"0\" allow=\"accelerometer; autoplay; clipboard-write; encrypted-media; gyroscope; picture-in-picture; web-share\" referrerpolicy=\"strict-origin-when-cross-origin\" allowfullscreen><\/iframe><\/p>\n<h4>Entrevista da UNIT &#8211; Universidade Tiradentes de Aracaju em lan\u00e7amento de livro na Livraria Escariz &#8211; SE 2018.<\/h4>\n<p><iframe loading=\"lazy\" title=\"UNIT NOTICIAS 2294 09 10 2018\" width=\"500\" height=\"281\" src=\"https:\/\/www.youtube.com\/embed\/GkfrGgz0it8?feature=oembed\" frameborder=\"0\" allow=\"accelerometer; autoplay; clipboard-write; encrypted-media; gyroscope; picture-in-picture; web-share\" referrerpolicy=\"strict-origin-when-cross-origin\" allowfullscreen><\/iframe><\/p>\n<h4>Entrevista concedida ao projeto de pesquisa de Francisca das Chagas Viana &#8220;Mem\u00f3rias de Paulistana &#8211; Piau\u00ed&#8221; em 2017.<\/h4>\n<p><iframe loading=\"lazy\" title=\"Mem\u00f3rias de Paulistana - Piau\u00ed por Renato Lu\u00eds Bandeira - Pesquisador e Escritor\" width=\"500\" height=\"281\" src=\"https:\/\/www.youtube.com\/embed\/snTDHWNCBCA?feature=oembed\" frameborder=\"0\" allow=\"accelerometer; autoplay; clipboard-write; encrypted-media; gyroscope; picture-in-picture; web-share\" referrerpolicy=\"strict-origin-when-cross-origin\" allowfullscreen><\/iframe><\/p>\n<h4>Participa\u00e7\u00e3o no Document\u00e1rio Serra do Queimad\u00e3o, Comunidade Quilombola &#8211; Um filme de Jos\u00e9 Carlos Torres.<\/h4>\n<p><iframe loading=\"lazy\" title=\"Serra do Queimad\u00e3o, Comunidade Quilombola - Depoimento de Renato Luis Bandeira\" width=\"500\" height=\"375\" src=\"https:\/\/www.youtube.com\/embed\/i52QVjJ8efc?feature=oembed\" frameborder=\"0\" allow=\"accelerometer; autoplay; clipboard-write; encrypted-media; gyroscope; picture-in-picture; web-share\" referrerpolicy=\"strict-origin-when-cross-origin\" allowfullscreen><\/iframe><\/p>\n<h4>Entrevista concedida ao programa de TV &#8211; Verde Vale Not\u00edcias em Juazeiro do Norte &#8211; Cear\u00e1 (2015) sobre o lan\u00e7amento do livro &#8220;Dicion\u00e1rio Biogr\u00e1fico Cangaceiros e Jagun\u00e7os&#8221; &#8211;\u00a0 1\u00aa Edi\u00e7\u00e3o\/ 2015.<\/h4>\n<p><iframe loading=\"lazy\" title=\"Entrevista com Renato Lu\u00eds Bandeira - TV Verde Vale Not\u00edcias (2015) - Juazeiro do Norte - Cear\u00e1\" width=\"500\" height=\"375\" src=\"https:\/\/www.youtube.com\/embed\/UHl2mC9SLmc?feature=oembed\" frameborder=\"0\" allow=\"accelerometer; autoplay; clipboard-write; encrypted-media; gyroscope; picture-in-picture; web-share\" referrerpolicy=\"strict-origin-when-cross-origin\" allowfullscreen><\/iframe><\/p>\n<h4>Entrevista concedida ao programa TV Revista da TVE &#8211; BA sobre o lan\u00e7amento do livro &#8220;A Guerra de Coron\u00e9is&#8221; &#8211;\u00a0 na Livraria Cultura do Salvador Shopping em 18.04.2012.<\/h4>\n<p><iframe loading=\"lazy\" title=\"Entrevista TVE-BA 2012 - Renato Lu\u00eds Bandeira - Lan\u00e7amento do livro Guerra dos Coron\u00e9is\" width=\"500\" height=\"375\" src=\"https:\/\/www.youtube.com\/embed\/GbkzVPSX6ow?feature=oembed\" frameborder=\"0\" allow=\"accelerometer; autoplay; clipboard-write; encrypted-media; gyroscope; picture-in-picture; web-share\" referrerpolicy=\"strict-origin-when-cross-origin\" allowfullscreen><\/iframe><\/p>\n<h4>Depoimento de Renato Lu\u00eds Bandeira sobre o Professor \u00c1tico Vilas Boas Torres &#8211; Parte 1\/3<\/h4>\n<p><iframe loading=\"lazy\" title=\"Depoimento de Renato Luis Bandeira  sobre o professor \u00c1tico Vilas Boas da Mata - Parte 1\/3\" width=\"500\" height=\"281\" src=\"https:\/\/www.youtube.com\/embed\/dZ5TO7FabN0?feature=oembed\" frameborder=\"0\" allow=\"accelerometer; autoplay; clipboard-write; encrypted-media; gyroscope; picture-in-picture; web-share\" referrerpolicy=\"strict-origin-when-cross-origin\" allowfullscreen><\/iframe><\/p>\n<h4>Depoimento de Renato Lu\u00eds Bandeira sobre o Professor \u00c1tico Vilas Boas Torres &#8211; Parte 2\/3<\/h4>\n<p><iframe loading=\"lazy\" title=\"Depoimento de Renato Luis Bandeira sobre o professor \u00c1tico Vilas Boas da Mota - Parte 2\/3\" width=\"500\" height=\"281\" src=\"https:\/\/www.youtube.com\/embed\/3wED10ohdqI?feature=oembed\" frameborder=\"0\" allow=\"accelerometer; autoplay; clipboard-write; encrypted-media; gyroscope; picture-in-picture; web-share\" referrerpolicy=\"strict-origin-when-cross-origin\" allowfullscreen><\/iframe><\/p>\n<p>&nbsp;<\/p>\n","protected":false},"excerpt":{"rendered":"<p>80 anos da morte de Corisco: o \u00faltimo cangaceiro Redescoberta a sepultura das cangaceiras L\u00eddia e Rosinha por Renato Bandeira em Po\u00e7o Redondo &#8211; SE 1549 Cidade do Salvador &#8211; A pol\u00eamica data de sua funda\u00e7\u00e3o Palestra sobre o canga\u00e7o na UNIT &#8211; SE &nbsp; Estamos catalogando os diversos v\u00eddeos com Renato Bandeira. Acesse periodicamente [&hellip;]<\/p>\n","protected":false},"author":1,"featured_media":0,"parent":0,"menu_order":4,"comment_status":"closed","ping_status":"closed","template":"","meta":{"footnotes":""},"class_list":["post-95","page","type-page","status-publish","hentry"],"_links":{"self":[{"href":"https:\/\/renatoluisbandeira.com.br\/site\/wp-json\/wp\/v2\/pages\/95","targetHints":{"allow":["GET"]}}],"collection":[{"href":"https:\/\/renatoluisbandeira.com.br\/site\/wp-json\/wp\/v2\/pages"}],"about":[{"href":"https:\/\/renatoluisbandeira.com.br\/site\/wp-json\/wp\/v2\/types\/page"}],"author":[{"embeddable":true,"href":"https:\/\/renatoluisbandeira.com.br\/site\/wp-json\/wp\/v2\/users\/1"}],"replies":[{"embeddable":true,"href":"https:\/\/renatoluisbandeira.com.br\/site\/wp-json\/wp\/v2\/comments?post=95"}],"version-history":[{"count":20,"href":"https:\/\/renatoluisbandeira.com.br\/site\/wp-json\/wp\/v2\/pages\/95\/revisions"}],"predecessor-version":[{"id":278,"href":"https:\/\/renatoluisbandeira.com.br\/site\/wp-json\/wp\/v2\/pages\/95\/revisions\/278"}],"wp:attachment":[{"href":"https:\/\/renatoluisbandeira.com.br\/site\/wp-json\/wp\/v2\/media?parent=95"}],"curies":[{"name":"wp","href":"https:\/\/api.w.org\/{rel}","templated":true}]}}